{"id":87,"date":"2026-04-09T17:17:25","date_gmt":"2026-04-09T22:17:25","guid":{"rendered":"https:\/\/adssoluciones.pe\/google-ads\/?page_id=87"},"modified":"2026-04-13T17:08:32","modified_gmt":"2026-04-13T22:08:32","slug":"politicas-de-privacidad","status":"publish","type":"page","link":"https:\/\/adssoluciones.pe\/google-ads\/politicas-de-privacidad\/","title":{"rendered":"Pol\u00edticas de Privacidad"},"content":{"rendered":"\t\t<div data-elementor-type=\"wp-page\" data-elementor-id=\"87\" class=\"elementor elementor-87\" data-elementor-post-type=\"page\">\n\t\t\t\t<div class=\"elementor-element elementor-element-a98e283 e-flex e-con-boxed e-con e-parent\" data-id=\"a98e283\" data-element_type=\"container\" data-e-type=\"container\">\n\t\t\t\t\t<div class=\"e-con-inner\">\n\t\t\t\t<div class=\"elementor-element elementor-element-d0fbba3 elementor-widget elementor-widget-heading\" data-id=\"d0fbba3\" data-element_type=\"widget\" data-e-type=\"widget\" data-widget_type=\"heading.default\">\n\t\t\t\t\t<h2 class=\"elementor-heading-title elementor-size-default\">Pol\u00edticas de Privacidad<\/h2>\t\t\t\t<\/div>\n\t\t\t\t<div class=\"elementor-element elementor-element-5c164e7 elementor-widget elementor-widget-text-editor\" data-id=\"5c164e7\" data-element_type=\"widget\" data-e-type=\"widget\" data-widget_type=\"text-editor.default\">\n\t\t\t\t\t\t\t\t\t<p data-start=\"198\" data-end=\"572\">En\u00a0<strong>ADS SOLUCIONES<\/strong>, valoramos la privacidad de nuestros clientes. Toda la informaci\u00f3n personal que recopilamos, como nombre, correo electr\u00f3nico, direcci\u00f3n y n\u00famero telef\u00f3nico, es tratada con absoluta confidencialidad y solo se utiliza para fines relacionados con la atenci\u00f3n, env\u00edo y mejora del servicio. No compartimos tus datos con terceros sin tu consentimiento expreso.<\/p><p data-start=\"574\" data-end=\"749\">Si tienes dudas sobre c\u00f3mo protegemos tu informaci\u00f3n, cont\u00e1ctanos a:<br data-start=\"642\" data-end=\"645\" \/><img decoding=\"async\" class=\"emoji\" role=\"img\" draggable=\"false\" src=\"https:\/\/s.w.org\/images\/core\/emoji\/16.0.1\/svg\/1f4e7.svg\" alt=\"\ud83d\udce7\" \/> info@adssoluciones.pe<br data-start=\"711\" data-end=\"714\" \/><img decoding=\"async\" class=\"emoji\" role=\"img\" draggable=\"false\" src=\"https:\/\/s.w.org\/images\/core\/emoji\/16.0.1\/svg\/1f4de.svg\" alt=\"\ud83d\udcde\" \/> Atenci\u00f3n al cliente: 977 362 186<\/p>\t\t\t\t\t\t\t\t<\/div>\n\t\t\t\t\t<\/div>\n\t\t\t\t<\/div>\n\t\t\t\t<\/div>\n\t\t","protected":false},"excerpt":{"rendered":"<p>Pol\u00edticas de Privacidad En\u00a0ADS SOLUCIONES, valoramos la privacidad de nuestros clientes. Toda la informaci\u00f3n personal que recopilamos, como nombre, correo electr\u00f3nico, direcci\u00f3n y n\u00famero telef\u00f3nico, es tratada con absoluta confidencialidad y solo se utiliza para fines relacionados con la atenci\u00f3n, env\u00edo y mejora del servicio. No compartimos tus datos con terceros sin tu consentimiento expreso. [&hellip;]<\/p>\n","protected":false},"author":1,"featured_media":0,"parent":0,"menu_order":0,"comment_status":"closed","ping_status":"closed","template":"","meta":{"_joinchat":[],"footnotes":""},"class_list":["post-87","page","type-page","status-publish","hentry"],"_links":{"self":[{"href":"https:\/\/adssoluciones.pe\/google-ads\/wp-json\/wp\/v2\/pages\/87","targetHints":{"allow":["GET"]}}],"collection":[{"href":"https:\/\/adssoluciones.pe\/google-ads\/wp-json\/wp\/v2\/pages"}],"about":[{"href":"https:\/\/adssoluciones.pe\/google-ads\/wp-json\/wp\/v2\/types\/page"}],"author":[{"embeddable":true,"href":"https:\/\/adssoluciones.pe\/google-ads\/wp-json\/wp\/v2\/users\/1"}],"replies":[{"embeddable":true,"href":"https:\/\/adssoluciones.pe\/google-ads\/wp-json\/wp\/v2\/comments?post=87"}],"version-history":[{"count":10,"href":"https:\/\/adssoluciones.pe\/google-ads\/wp-json\/wp\/v2\/pages\/87\/revisions"}],"predecessor-version":[{"id":454,"href":"https:\/\/adssoluciones.pe\/google-ads\/wp-json\/wp\/v2\/pages\/87\/revisions\/454"}],"wp:attachment":[{"href":"https:\/\/adssoluciones.pe\/google-ads\/wp-json\/wp\/v2\/media?parent=87"}],"curies":[{"name":"wp","href":"https:\/\/api.w.org\/{rel}","templated":true}]}}